{"id":37760,"date":"2022-03-07T10:41:11","date_gmt":"2022-03-07T10:41:11","guid":{"rendered":"https:\/\/www.ftb.it\/?post_type=product&#038;p=37760"},"modified":"2022-03-07T11:11:48","modified_gmt":"2022-03-07T11:11:48","slug":"vaccari-8-ps-o180-mm","status":"publish","type":"product","link":"https:\/\/www.ftb.it\/de\/prodotto\/gebraucht\/pragestocke-gebraucht\/vaccari-8-ps-o180-mm\/","title":{"rendered":"VACCARI 8 PS \u00d8180 mm"},"content":{"rendered":"","protected":false},"excerpt":{"rendered":"<p>Bolzenformanlage mit gebrauchter elektrischer Stauchmaschine <a href=\"https:\/\/www.ftb.it\/de\/prodotto\/gebraucht\/er-1301-mvr\/\">FTB mod. ER 1301 MVR<\/a><\/p>\n","protected":false},"featured_media":37765,"template":"","meta":[],"product_cat":[656,657],"product_tag":[],"acf":[],"yoast_head":"<!-- This site is optimized with the Yoast SEO plugin v17.6 - https:\/\/yoast.com\/wordpress\/plugins\/seo\/ -->\n<title>VACCARI 8 PS \u00d8180 mm: Gebraucht, Pr\u00e4gest\u00f6cke - F.T.B.<\/title>\n<meta name=\"robots\" content=\"index, follow, max-snippet:-1, max-image-preview:large, max-video-preview:-1\" \/>\n<link rel=\"canonical\" href=\"https:\/\/www.ftb.it\/de\/prodotto\/gebraucht\/pragestocke-gebraucht\/vaccari-8-ps-o180-mm\/\" \/>\n<meta property=\"og:locale\" content=\"de_DE\" \/>\n<meta property=\"og:type\" content=\"article\" \/>\n<meta property=\"og:title\" content=\"VACCARI 8 PS \u00d8180 mm: Gebraucht, Pr\u00e4gest\u00f6cke - F.T.B.\" \/>\n<meta property=\"og:description\" content=\"Bolzenformanlage mit gebrauchter elektrischer Stauchmaschine FTB mod. ER 1301 MVR\" \/>\n<meta property=\"og:url\" content=\"https:\/\/www.ftb.it\/de\/prodotto\/gebraucht\/pragestocke-gebraucht\/vaccari-8-ps-o180-mm\/\" \/>\n<meta property=\"og:site_name\" content=\"F.T.B.\" \/>\n<meta property=\"article:publisher\" content=\"https:\/\/www.facebook.com\/ftbpresse\" \/>\n<meta property=\"article:modified_time\" content=\"2022-03-07T11:11:48+00:00\" \/>\n<meta property=\"og:image\" content=\"https:\/\/www.ftb.it\/wp-content\/uploads\/2022\/03\/ZZBI051-Vaccari-8-PS-180mm-Bilancieri-Friction-Screw-Presses-001-1.jpg\" \/>\n\t<meta property=\"og:image:width\" content=\"1000\" \/>\n\t<meta property=\"og:image:height\" content=\"1333\" \/>\n<meta name=\"twitter:card\" content=\"summary_large_image\" \/>\n<script type=\"application\/ld+json\" class=\"yoast-schema-graph\">{\"@context\":\"https:\/\/schema.org\",\"@graph\":[{\"@type\":\"WebSite\",\"@id\":\"https:\/\/www.ftb.it\/it\/#website\",\"url\":\"https:\/\/www.ftb.it\/it\/\",\"name\":\"F.T.B.\",\"description\":\"Forging Systems\",\"potentialAction\":[{\"@type\":\"SearchAction\",\"target\":{\"@type\":\"EntryPoint\",\"urlTemplate\":\"https:\/\/www.ftb.it\/it\/?s={search_term_string}\"},\"query-input\":\"required name=search_term_string\"}],\"inLanguage\":\"de-DE\"},{\"@type\":\"ImageObject\",\"@id\":\"https:\/\/www.ftb.it\/de\/prodotto\/gebraucht\/pragestocke-gebraucht\/vaccari-8-ps-o180-mm\/#primaryimage\",\"inLanguage\":\"de-DE\",\"url\":\"https:\/\/www.ftb.it\/wp-content\/uploads\/2022\/03\/ZZBI051-Vaccari-8-PS-180mm-Bilancieri-Friction-Screw-Presses-001-1.jpg\",\"contentUrl\":\"https:\/\/www.ftb.it\/wp-content\/uploads\/2022\/03\/ZZBI051-Vaccari-8-PS-180mm-Bilancieri-Friction-Screw-Presses-001-1.jpg\",\"width\":1000,\"height\":1333},{\"@type\":\"WebPage\",\"@id\":\"https:\/\/www.ftb.it\/de\/prodotto\/gebraucht\/pragestocke-gebraucht\/vaccari-8-ps-o180-mm\/#webpage\",\"url\":\"https:\/\/www.ftb.it\/de\/prodotto\/gebraucht\/pragestocke-gebraucht\/vaccari-8-ps-o180-mm\/\",\"name\":\"VACCARI 8 PS \\u00d8180 mm: Gebraucht, Pr\\u00e4gest\\u00f6cke - F.T.B.\",\"isPartOf\":{\"@id\":\"https:\/\/www.ftb.it\/it\/#website\"},\"primaryImageOfPage\":{\"@id\":\"https:\/\/www.ftb.it\/de\/prodotto\/gebraucht\/pragestocke-gebraucht\/vaccari-8-ps-o180-mm\/#primaryimage\"},\"datePublished\":\"2022-03-07T10:41:11+00:00\",\"dateModified\":\"2022-03-07T11:11:48+00:00\",\"breadcrumb\":{\"@id\":\"https:\/\/www.ftb.it\/de\/prodotto\/gebraucht\/pragestocke-gebraucht\/vaccari-8-ps-o180-mm\/#breadcrumb\"},\"inLanguage\":\"de-DE\",\"potentialAction\":[{\"@type\":\"ReadAction\",\"target\":[\"https:\/\/www.ftb.it\/de\/prodotto\/gebraucht\/pragestocke-gebraucht\/vaccari-8-ps-o180-mm\/\"]}]},{\"@type\":\"BreadcrumbList\",\"@id\":\"https:\/\/www.ftb.it\/de\/prodotto\/gebraucht\/pragestocke-gebraucht\/vaccari-8-ps-o180-mm\/#breadcrumb\",\"itemListElement\":[{\"@type\":\"ListItem\",\"position\":1,\"name\":\"Home\",\"item\":\"https:\/\/www.ftb.it\/de\/\"},{\"@type\":\"ListItem\",\"position\":2,\"name\":\"PRODUKTE\",\"item\":\"https:\/\/www.ftb.it\/it\/prodotti\/\"},{\"@type\":\"ListItem\",\"position\":3,\"name\":\"VACCARI 8 PS \\u00d8180 mm\"}]}]}<\/script>\n<!-- \/ Yoast SEO plugin. -->","yoast_head_json":{"title":"VACCARI 8 PS \u00d8180 mm: Gebraucht, Pr\u00e4gest\u00f6cke - F.T.B.","robots":{"index":"index","follow":"follow","max-snippet":"max-snippet:-1","max-image-preview":"max-image-preview:large","max-video-preview":"max-video-preview:-1"},"canonical":"https:\/\/www.ftb.it\/de\/prodotto\/gebraucht\/pragestocke-gebraucht\/vaccari-8-ps-o180-mm\/","og_locale":"de_DE","og_type":"article","og_title":"VACCARI 8 PS \u00d8180 mm: Gebraucht, Pr\u00e4gest\u00f6cke - F.T.B.","og_description":"Bolzenformanlage mit gebrauchter elektrischer Stauchmaschine FTB mod. ER 1301 MVR","og_url":"https:\/\/www.ftb.it\/de\/prodotto\/gebraucht\/pragestocke-gebraucht\/vaccari-8-ps-o180-mm\/","og_site_name":"F.T.B.","article_publisher":"https:\/\/www.facebook.com\/ftbpresse","article_modified_time":"2022-03-07T11:11:48+00:00","og_image":[{"width":1000,"height":1333,"url":"https:\/\/www.ftb.it\/wp-content\/uploads\/2022\/03\/ZZBI051-Vaccari-8-PS-180mm-Bilancieri-Friction-Screw-Presses-001-1.jpg","type":"image\/jpeg"}],"twitter_card":"summary_large_image","schema":{"@context":"https:\/\/schema.org","@graph":[{"@type":"WebSite","@id":"https:\/\/www.ftb.it\/it\/#website","url":"https:\/\/www.ftb.it\/it\/","name":"F.T.B.","description":"Forging Systems","potentialAction":[{"@type":"SearchAction","target":{"@type":"EntryPoint","urlTemplate":"https:\/\/www.ftb.it\/it\/?s={search_term_string}"},"query-input":"required name=search_term_string"}],"inLanguage":"de-DE"},{"@type":"ImageObject","@id":"https:\/\/www.ftb.it\/de\/prodotto\/gebraucht\/pragestocke-gebraucht\/vaccari-8-ps-o180-mm\/#primaryimage","inLanguage":"de-DE","url":"https:\/\/www.ftb.it\/wp-content\/uploads\/2022\/03\/ZZBI051-Vaccari-8-PS-180mm-Bilancieri-Friction-Screw-Presses-001-1.jpg","contentUrl":"https:\/\/www.ftb.it\/wp-content\/uploads\/2022\/03\/ZZBI051-Vaccari-8-PS-180mm-Bilancieri-Friction-Screw-Presses-001-1.jpg","width":1000,"height":1333},{"@type":"WebPage","@id":"https:\/\/www.ftb.it\/de\/prodotto\/gebraucht\/pragestocke-gebraucht\/vaccari-8-ps-o180-mm\/#webpage","url":"https:\/\/www.ftb.it\/de\/prodotto\/gebraucht\/pragestocke-gebraucht\/vaccari-8-ps-o180-mm\/","name":"VACCARI 8 PS \u00d8180 mm: Gebraucht, Pr\u00e4gest\u00f6cke - F.T.B.","isPartOf":{"@id":"https:\/\/www.ftb.it\/it\/#website"},"primaryImageOfPage":{"@id":"https:\/\/www.ftb.it\/de\/prodotto\/gebraucht\/pragestocke-gebraucht\/vaccari-8-ps-o180-mm\/#primaryimage"},"datePublished":"2022-03-07T10:41:11+00:00","dateModified":"2022-03-07T11:11:48+00:00","breadcrumb":{"@id":"https:\/\/www.ftb.it\/de\/prodotto\/gebraucht\/pragestocke-gebraucht\/vaccari-8-ps-o180-mm\/#breadcrumb"},"inLanguage":"de-DE","potentialAction":[{"@type":"ReadAction","target":["https:\/\/www.ftb.it\/de\/prodotto\/gebraucht\/pragestocke-gebraucht\/vaccari-8-ps-o180-mm\/"]}]},{"@type":"BreadcrumbList","@id":"https:\/\/www.ftb.it\/de\/prodotto\/gebraucht\/pragestocke-gebraucht\/vaccari-8-ps-o180-mm\/#breadcrumb","itemListElement":[{"@type":"ListItem","position":1,"name":"Home","item":"https:\/\/www.ftb.it\/de\/"},{"@type":"ListItem","position":2,"name":"PRODUKTE","item":"https:\/\/www.ftb.it\/it\/prodotti\/"},{"@type":"ListItem","position":3,"name":"VACCARI 8 PS \u00d8180 mm"}]}]}},"_links":{"self":[{"href":"https:\/\/www.ftb.it\/de\/wp-json\/wp\/v2\/product\/37760"}],"collection":[{"href":"https:\/\/www.ftb.it\/de\/wp-json\/wp\/v2\/product"}],"about":[{"href":"https:\/\/www.ftb.it\/de\/wp-json\/wp\/v2\/types\/product"}],"version-history":[{"count":2,"href":"https:\/\/www.ftb.it\/de\/wp-json\/wp\/v2\/product\/37760\/revisions"}],"predecessor-version":[{"id":37797,"href":"https:\/\/www.ftb.it\/de\/wp-json\/wp\/v2\/product\/37760\/revisions\/37797"}],"wp:featuredmedia":[{"embeddable":true,"href":"https:\/\/www.ftb.it\/de\/wp-json\/wp\/v2\/media\/37765"}],"wp:attachment":[{"href":"https:\/\/www.ftb.it\/de\/wp-json\/wp\/v2\/media?parent=37760"}],"wp:term":[{"taxonomy":"product_cat","embeddable":true,"href":"https:\/\/www.ftb.it\/de\/wp-json\/wp\/v2\/product_cat?post=37760"},{"taxonomy":"product_tag","embeddable":true,"href":"https:\/\/www.ftb.it\/de\/wp-json\/wp\/v2\/product_tag?post=37760"}],"curies":[{"name":"wp","href":"https:\/\/api.w.org\/{rel}","templated":true}]}}