{"id":36719,"date":"2021-03-18T16:37:52","date_gmt":"2021-03-18T16:37:52","guid":{"rendered":"https:\/\/ftb.greenberry.it\/prodotto\/unkategorisiert\/cfn21\/"},"modified":"2022-09-06T13:48:50","modified_gmt":"2022-09-06T13:48:50","slug":"cfn21","status":"publish","type":"product","link":"https:\/\/www.ftb.it\/de\/prodotto\/neu\/pragestocke\/cfn21\/","title":{"rendered":"Pr\u00e4gest\u00f6cke CFN21"},"content":{"rendered":"","protected":false},"excerpt":{"rendered":"","protected":false},"featured_media":36139,"template":"","meta":[],"product_cat":[653],"product_tag":[],"acf":[],"yoast_head":"<!-- This site is optimized with the Yoast SEO plugin v17.6 - https:\/\/yoast.com\/wordpress\/plugins\/seo\/ -->\n<title>Pr\u00e4gest\u00f6cke CFN21: Pr\u00e4gest\u00f6cke - F.T.B.<\/title>\n<meta name=\"robots\" content=\"index, follow, max-snippet:-1, max-image-preview:large, max-video-preview:-1\" \/>\n<link rel=\"canonical\" href=\"https:\/\/www.ftb.it\/de\/prodotto\/neu\/pragestocke\/cfn21\/\" \/>\n<meta property=\"og:locale\" content=\"de_DE\" \/>\n<meta property=\"og:type\" content=\"article\" \/>\n<meta property=\"og:title\" content=\"Pr\u00e4gest\u00f6cke CFN21: Pr\u00e4gest\u00f6cke - F.T.B.\" \/>\n<meta property=\"og:url\" content=\"https:\/\/www.ftb.it\/de\/prodotto\/neu\/pragestocke\/cfn21\/\" \/>\n<meta property=\"og:site_name\" content=\"F.T.B.\" \/>\n<meta property=\"article:publisher\" content=\"https:\/\/www.facebook.com\/ftbpresse\" \/>\n<meta property=\"article:modified_time\" content=\"2022-09-06T13:48:50+00:00\" \/>\n<meta property=\"og:image\" content=\"https:\/\/www.ftb.it\/wp-content\/uploads\/2021\/03\/CFN21_scontorno.jpg\" \/>\n\t<meta property=\"og:image:width\" content=\"1600\" \/>\n\t<meta property=\"og:image:height\" content=\"2133\" \/>\n<meta name=\"twitter:card\" content=\"summary_large_image\" \/>\n<script type=\"application\/ld+json\" class=\"yoast-schema-graph\">{\"@context\":\"https:\/\/schema.org\",\"@graph\":[{\"@type\":\"WebSite\",\"@id\":\"https:\/\/www.ftb.it\/it\/#website\",\"url\":\"https:\/\/www.ftb.it\/it\/\",\"name\":\"F.T.B.\",\"description\":\"Forging Systems\",\"potentialAction\":[{\"@type\":\"SearchAction\",\"target\":{\"@type\":\"EntryPoint\",\"urlTemplate\":\"https:\/\/www.ftb.it\/it\/?s={search_term_string}\"},\"query-input\":\"required name=search_term_string\"}],\"inLanguage\":\"de-DE\"},{\"@type\":\"ImageObject\",\"@id\":\"https:\/\/www.ftb.it\/de\/prodotto\/neu\/pragestocke\/cfn21\/#primaryimage\",\"inLanguage\":\"de-DE\",\"url\":\"https:\/\/www.ftb.it\/wp-content\/uploads\/2021\/03\/CFN21_scontorno.jpg\",\"contentUrl\":\"https:\/\/www.ftb.it\/wp-content\/uploads\/2021\/03\/CFN21_scontorno.jpg\",\"width\":1600,\"height\":2133,\"caption\":\"Bilanciere CNF21\"},{\"@type\":\"WebPage\",\"@id\":\"https:\/\/www.ftb.it\/de\/prodotto\/neu\/pragestocke\/cfn21\/#webpage\",\"url\":\"https:\/\/www.ftb.it\/de\/prodotto\/neu\/pragestocke\/cfn21\/\",\"name\":\"Pr\\u00e4gest\\u00f6cke CFN21: Pr\\u00e4gest\\u00f6cke - F.T.B.\",\"isPartOf\":{\"@id\":\"https:\/\/www.ftb.it\/it\/#website\"},\"primaryImageOfPage\":{\"@id\":\"https:\/\/www.ftb.it\/de\/prodotto\/neu\/pragestocke\/cfn21\/#primaryimage\"},\"datePublished\":\"2021-03-18T16:37:52+00:00\",\"dateModified\":\"2022-09-06T13:48:50+00:00\",\"breadcrumb\":{\"@id\":\"https:\/\/www.ftb.it\/de\/prodotto\/neu\/pragestocke\/cfn21\/#breadcrumb\"},\"inLanguage\":\"de-DE\",\"potentialAction\":[{\"@type\":\"ReadAction\",\"target\":[\"https:\/\/www.ftb.it\/de\/prodotto\/neu\/pragestocke\/cfn21\/\"]}]},{\"@type\":\"BreadcrumbList\",\"@id\":\"https:\/\/www.ftb.it\/de\/prodotto\/neu\/pragestocke\/cfn21\/#breadcrumb\",\"itemListElement\":[{\"@type\":\"ListItem\",\"position\":1,\"name\":\"Home\",\"item\":\"https:\/\/www.ftb.it\/de\/\"},{\"@type\":\"ListItem\",\"position\":2,\"name\":\"PRODUKTE\",\"item\":\"https:\/\/www.ftb.it\/it\/prodotti\/\"},{\"@type\":\"ListItem\",\"position\":3,\"name\":\"Pr\\u00e4gest\\u00f6cke CFN21\"}]}]}<\/script>\n<!-- \/ Yoast SEO plugin. -->","yoast_head_json":{"title":"Pr\u00e4gest\u00f6cke CFN21: Pr\u00e4gest\u00f6cke - F.T.B.","robots":{"index":"index","follow":"follow","max-snippet":"max-snippet:-1","max-image-preview":"max-image-preview:large","max-video-preview":"max-video-preview:-1"},"canonical":"https:\/\/www.ftb.it\/de\/prodotto\/neu\/pragestocke\/cfn21\/","og_locale":"de_DE","og_type":"article","og_title":"Pr\u00e4gest\u00f6cke CFN21: Pr\u00e4gest\u00f6cke - F.T.B.","og_url":"https:\/\/www.ftb.it\/de\/prodotto\/neu\/pragestocke\/cfn21\/","og_site_name":"F.T.B.","article_publisher":"https:\/\/www.facebook.com\/ftbpresse","article_modified_time":"2022-09-06T13:48:50+00:00","og_image":[{"width":1600,"height":2133,"url":"https:\/\/www.ftb.it\/wp-content\/uploads\/2021\/03\/CFN21_scontorno.jpg","type":"image\/jpeg"}],"twitter_card":"summary_large_image","schema":{"@context":"https:\/\/schema.org","@graph":[{"@type":"WebSite","@id":"https:\/\/www.ftb.it\/it\/#website","url":"https:\/\/www.ftb.it\/it\/","name":"F.T.B.","description":"Forging Systems","potentialAction":[{"@type":"SearchAction","target":{"@type":"EntryPoint","urlTemplate":"https:\/\/www.ftb.it\/it\/?s={search_term_string}"},"query-input":"required name=search_term_string"}],"inLanguage":"de-DE"},{"@type":"ImageObject","@id":"https:\/\/www.ftb.it\/de\/prodotto\/neu\/pragestocke\/cfn21\/#primaryimage","inLanguage":"de-DE","url":"https:\/\/www.ftb.it\/wp-content\/uploads\/2021\/03\/CFN21_scontorno.jpg","contentUrl":"https:\/\/www.ftb.it\/wp-content\/uploads\/2021\/03\/CFN21_scontorno.jpg","width":1600,"height":2133,"caption":"Bilanciere CNF21"},{"@type":"WebPage","@id":"https:\/\/www.ftb.it\/de\/prodotto\/neu\/pragestocke\/cfn21\/#webpage","url":"https:\/\/www.ftb.it\/de\/prodotto\/neu\/pragestocke\/cfn21\/","name":"Pr\u00e4gest\u00f6cke CFN21: Pr\u00e4gest\u00f6cke - F.T.B.","isPartOf":{"@id":"https:\/\/www.ftb.it\/it\/#website"},"primaryImageOfPage":{"@id":"https:\/\/www.ftb.it\/de\/prodotto\/neu\/pragestocke\/cfn21\/#primaryimage"},"datePublished":"2021-03-18T16:37:52+00:00","dateModified":"2022-09-06T13:48:50+00:00","breadcrumb":{"@id":"https:\/\/www.ftb.it\/de\/prodotto\/neu\/pragestocke\/cfn21\/#breadcrumb"},"inLanguage":"de-DE","potentialAction":[{"@type":"ReadAction","target":["https:\/\/www.ftb.it\/de\/prodotto\/neu\/pragestocke\/cfn21\/"]}]},{"@type":"BreadcrumbList","@id":"https:\/\/www.ftb.it\/de\/prodotto\/neu\/pragestocke\/cfn21\/#breadcrumb","itemListElement":[{"@type":"ListItem","position":1,"name":"Home","item":"https:\/\/www.ftb.it\/de\/"},{"@type":"ListItem","position":2,"name":"PRODUKTE","item":"https:\/\/www.ftb.it\/it\/prodotti\/"},{"@type":"ListItem","position":3,"name":"Pr\u00e4gest\u00f6cke CFN21"}]}]}},"_links":{"self":[{"href":"https:\/\/www.ftb.it\/de\/wp-json\/wp\/v2\/product\/36719"}],"collection":[{"href":"https:\/\/www.ftb.it\/de\/wp-json\/wp\/v2\/product"}],"about":[{"href":"https:\/\/www.ftb.it\/de\/wp-json\/wp\/v2\/types\/product"}],"version-history":[{"count":1,"href":"https:\/\/www.ftb.it\/de\/wp-json\/wp\/v2\/product\/36719\/revisions"}],"predecessor-version":[{"id":37822,"href":"https:\/\/www.ftb.it\/de\/wp-json\/wp\/v2\/product\/36719\/revisions\/37822"}],"wp:featuredmedia":[{"embeddable":true,"href":"https:\/\/www.ftb.it\/de\/wp-json\/wp\/v2\/media\/36139"}],"wp:attachment":[{"href":"https:\/\/www.ftb.it\/de\/wp-json\/wp\/v2\/media?parent=36719"}],"wp:term":[{"taxonomy":"product_cat","embeddable":true,"href":"https:\/\/www.ftb.it\/de\/wp-json\/wp\/v2\/product_cat?post=36719"},{"taxonomy":"product_tag","embeddable":true,"href":"https:\/\/www.ftb.it\/de\/wp-json\/wp\/v2\/product_tag?post=36719"}],"curies":[{"name":"wp","href":"https:\/\/api.w.org\/{rel}","templated":true}]}}